{"id":78,"date":"2024-10-03T22:04:56","date_gmt":"2024-10-03T22:04:56","guid":{"rendered":"https:\/\/www.mkknachhilfe.de\/?page_id=78"},"modified":"2024-10-03T22:09:28","modified_gmt":"2024-10-03T22:09:28","slug":"datenschutz","status":"publish","type":"page","link":"https:\/\/www.mkknachhilfe.de\/?page_id=78","title":{"rendered":"Datenschutz"},"content":{"rendered":"\n<p>Auf dieser Plattform werden alle Daten erhoben, die Sie uns \u00fcber das Kontaktformular zur Verf\u00fcgung stellen. <\/p>\n\n\n\n<p>Dar\u00fcber hinaus speichern wir Ihre IP-Adresse ab, sobald Sie auf der Webseite sind.<\/p>\n\n\n\n<p>Sie k\u00f6nnen zu jeder Zeit die L\u00f6schung Ihrer Daten beantragen.<\/p>\n\n\n\n<p><\/p>\n","protected":false},"excerpt":{"rendered":"<p>Auf dieser Plattform werden alle Daten erhoben, die Sie uns \u00fcber das Kontaktformular zur Verf\u00fcgung stellen. Dar\u00fcber hinaus speichern wir Ihre IP-Adresse ab, sobald Sie auf der Webseite sind. Sie k\u00f6nnen zu jeder Zeit die L\u00f6schung Ihrer Daten beantragen.<\/p>\n","protected":false},"author":1,"featured_media":0,"parent":0,"menu_order":0,"comment_status":"closed","ping_status":"closed","template":"","meta":{"_glsr_average":0,"_glsr_ranking":0,"_glsr_reviews":0,"footnotes":""},"class_list":["post-78","page","type-page","status-publish","hentry"],"_links":{"self":[{"href":"https:\/\/www.mkknachhilfe.de\/index.php?rest_route=\/wp\/v2\/pages\/78","targetHints":{"allow":["GET"]}}],"collection":[{"href":"https:\/\/www.mkknachhilfe.de\/index.php?rest_route=\/wp\/v2\/pages"}],"about":[{"href":"https:\/\/www.mkknachhilfe.de\/index.php?rest_route=\/wp\/v2\/types\/page"}],"author":[{"embeddable":true,"href":"https:\/\/www.mkknachhilfe.de\/index.php?rest_route=\/wp\/v2\/users\/1"}],"replies":[{"embeddable":true,"href":"https:\/\/www.mkknachhilfe.de\/index.php?rest_route=%2Fwp%2Fv2%2Fcomments&post=78"}],"version-history":[{"count":2,"href":"https:\/\/www.mkknachhilfe.de\/index.php?rest_route=\/wp\/v2\/pages\/78\/revisions"}],"predecessor-version":[{"id":81,"href":"https:\/\/www.mkknachhilfe.de\/index.php?rest_route=\/wp\/v2\/pages\/78\/revisions\/81"}],"wp:attachment":[{"href":"https:\/\/www.mkknachhilfe.de\/index.php?rest_route=%2Fwp%2Fv2%2Fmedia&parent=78"}],"curies":[{"name":"wp","href":"https:\/\/api.w.org\/{rel}","templated":true}]}}