{"id":114,"date":"2024-10-10T21:24:11","date_gmt":"2024-10-10T21:24:11","guid":{"rendered":"https:\/\/www.mkknachhilfe.de\/?page_id=114"},"modified":"2024-10-11T00:36:48","modified_gmt":"2024-10-11T00:36:48","slug":"main-kinzig-kreis","status":"publish","type":"page","link":"https:\/\/www.mkknachhilfe.de\/?page_id=114","title":{"rendered":"Main-Kinzig Kreis"},"content":{"rendered":"\n<p class=\"has-text-align-left has-medium-font-size\"><\/p>\n\n\n\n<div style=\"height:130px\" aria-hidden=\"true\" class=\"wp-block-spacer\"><\/div>\n\n\n\n<div class=\"wp-block-media-text alignwide is-stacked-on-mobile\"><figure class=\"wp-block-media-text__media\"><img loading=\"lazy\" decoding=\"async\" width=\"1024\" height=\"716\" src=\"https:\/\/www.mkknachhilfe.de\/wp-content\/uploads\/2024\/10\/Main-Karte-160710-2-1024x716.jpg\" alt=\"\" class=\"wp-image-120 size-full\" srcset=\"https:\/\/www.mkknachhilfe.de\/wp-content\/uploads\/2024\/10\/Main-Karte-160710-2-1024x716.jpg 1024w, https:\/\/www.mkknachhilfe.de\/wp-content\/uploads\/2024\/10\/Main-Karte-160710-2-300x210.jpg 300w, https:\/\/www.mkknachhilfe.de\/wp-content\/uploads\/2024\/10\/Main-Karte-160710-2-768x537.jpg 768w, https:\/\/www.mkknachhilfe.de\/wp-content\/uploads\/2024\/10\/Main-Karte-160710-2-1536x1075.jpg 1536w, https:\/\/www.mkknachhilfe.de\/wp-content\/uploads\/2024\/10\/Main-Karte-160710-2-2048x1433.jpg 2048w\" sizes=\"auto, (max-width: 1024px) 100vw, 1024px\" \/><\/figure><div class=\"wp-block-media-text__content\">\n<p>Woher erh\u00e4lt eigentlich der Main-Kinzig Kreis seinen Namen? Der Main steht f\u00fcr unseren wunderbaren Flu\u00df, der einem sogenannten wei\u00dfen und roten Main aus Bayern entspringt. Wie man der Karte entnehmen kann, ist der Main sogar mit der Donau \u00fcber den Main-Donau Kanal verbunden, was ihn nochmal ganz besonders macht. Denn die Donau gilt als der zweil\u00e4ngste Fluss Europas. Der Fluss verbindet mehrere Gro\u00dfst\u00e4dte miteinander und stellt eine wichtige Route der Binnenschifffahrt in Hessen dar. Die Kinzig, die kleine Schwester des Mains, flie\u00dft in Hanau in den Main hinein und so erhielt der Kreis seinen Namen.<\/p>\n\n\n\n<p>Bildquelle: <a href=\"https:\/\/de.m.wikipedia.org\/wiki\/Datei:Main-Karte-160710.jpg\">https:\/\/de.m.wikipedia.org\/wiki\/Datei:Main-Karte-160710.jpg<\/a><\/p>\n<\/div><\/div>\n\n\n\n<div style=\"height:130px\" aria-hidden=\"true\" class=\"wp-block-spacer\"><\/div>\n\n\n\n<div class=\"wp-block-media-text alignwide has-media-on-the-right is-stacked-on-mobile\"><div class=\"wp-block-media-text__content\">\n<p class=\"has-text-align-right\">Jede dritte Person im Main-Kinzig Kreis hat einen Migrationshintergrund und es versammeln sich in ihm mehr als 150 Nationen. Oft f\u00fchrt diese Vielfalt Menschen an ihre Grenzen, doch nur, weil der Mensch unge\u00fcbt mit ihr ist. Im Wesentlichen unterscheiden die Menschen sich nicht voneinander. Gedeiht die Vielfalt friedvoll, dann kann sie als Beispiel f\u00fcr die gesamte Menschheit, vereint unter den verschiedensten Kulturen und Nationen dienen.<\/p>\n\n\n\n<p class=\"has-text-align-right\"><mark style=\"background-color:rgba(0, 0, 0, 0)\" class=\"has-inline-color has-contrast-color\">Bildquelle: <a href=\"https:\/\/www.alumniportal-deutschland.org\/de\/magazin\/deutschland\/multikulti-ist-eine-grosse-bereicherung-wenn-man-daran-arbeitet\/\">https:\/\/www.alumniportal<\/a> <a href=\"https:\/\/www.alumniportal-deutschland.org\/de\/magazin\/deutschland\/multikulti-ist-eine-grosse-bereicherung-wenn-man-daran-arbeitet\/\">deutschland.org\/de\/magazin\/deutschland\/multikulti-ist-eine-grosse-bereicherung-wenn-man-daran-arbeitet\/<\/a><\/mark><\/p>\n<\/div><figure class=\"wp-block-media-text__media\"><img loading=\"lazy\" decoding=\"async\" width=\"825\" height=\"464\" src=\"https:\/\/www.mkknachhilfe.de\/wp-content\/uploads\/2024\/10\/image.png\" alt=\"\" class=\"wp-image-135 size-full\" srcset=\"https:\/\/www.mkknachhilfe.de\/wp-content\/uploads\/2024\/10\/image.png 825w, https:\/\/www.mkknachhilfe.de\/wp-content\/uploads\/2024\/10\/image-300x169.png 300w, https:\/\/www.mkknachhilfe.de\/wp-content\/uploads\/2024\/10\/image-768x432.png 768w\" sizes=\"auto, (max-width: 825px) 100vw, 825px\" \/><\/figure><\/div>\n\n\n\n<p class=\"has-text-align-left\"><\/p>\n\n\n\n<p><\/p>\n","protected":false},"excerpt":{"rendered":"<p>Woher erh\u00e4lt eigentlich der Main-Kinzig Kreis seinen Namen? Der Main steht f\u00fcr unseren wunderbaren Flu\u00df, der einem sogenannten wei\u00dfen und roten Main aus Bayern entspringt. Wie man der Karte entnehmen kann, ist der Main sogar mit der Donau \u00fcber den Main-Donau Kanal verbunden, was ihn nochmal ganz besonders macht. Denn die Donau gilt als der [&hellip;]<\/p>\n","protected":false},"author":1,"featured_media":0,"parent":0,"menu_order":0,"comment_status":"closed","ping_status":"closed","template":"","meta":{"_glsr_average":0,"_glsr_ranking":0,"_glsr_reviews":0,"footnotes":""},"class_list":["post-114","page","type-page","status-publish","hentry"],"_links":{"self":[{"href":"https:\/\/www.mkknachhilfe.de\/index.php?rest_route=\/wp\/v2\/pages\/114","targetHints":{"allow":["GET"]}}],"collection":[{"href":"https:\/\/www.mkknachhilfe.de\/index.php?rest_route=\/wp\/v2\/pages"}],"about":[{"href":"https:\/\/www.mkknachhilfe.de\/index.php?rest_route=\/wp\/v2\/types\/page"}],"author":[{"embeddable":true,"href":"https:\/\/www.mkknachhilfe.de\/index.php?rest_route=\/wp\/v2\/users\/1"}],"replies":[{"embeddable":true,"href":"https:\/\/www.mkknachhilfe.de\/index.php?rest_route=%2Fwp%2Fv2%2Fcomments&post=114"}],"version-history":[{"count":21,"href":"https:\/\/www.mkknachhilfe.de\/index.php?rest_route=\/wp\/v2\/pages\/114\/revisions"}],"predecessor-version":[{"id":141,"href":"https:\/\/www.mkknachhilfe.de\/index.php?rest_route=\/wp\/v2\/pages\/114\/revisions\/141"}],"wp:attachment":[{"href":"https:\/\/www.mkknachhilfe.de\/index.php?rest_route=%2Fwp%2Fv2%2Fmedia&parent=114"}],"curies":[{"name":"wp","href":"https:\/\/api.w.org\/{rel}","templated":true}]}}